{"id":1952,"date":"2025-06-01T06:16:15","date_gmt":"2025-06-01T06:16:15","guid":{"rendered":"https:\/\/linkbuildingpoland.pl\/?page_id=1952"},"modified":"2025-06-13T11:23:18","modified_gmt":"2025-06-13T11:23:18","slug":"polityka-prywatnosci-2","status":"publish","type":"page","link":"https:\/\/linkbuildingpoland.pl\/pl\/polityka-prywatnosci-2\/","title":{"rendered":"Polityka prywatno\u015bci"},"content":{"rendered":"<div data-elementor-type=\"wp-post\" data-elementor-id=\"1952\" class=\"elementor elementor-1952\">\n\t\t\t\t\t\t<section class=\"elementor-section elementor-top-section elementor-element elementor-element-2eccec9 elementor-section-full_width elementor-section-height-default elementor-section-height-default\" data-id=\"2eccec9\" data-element_type=\"section\" data-e-type=\"section\" data-settings=\"{&quot;background_background&quot;:&quot;classic&quot;,&quot;shape_divider_bottom&quot;:&quot;tilt&quot;}\">\n\t\t\t\t\t\t\t<div class=\"elementor-background-overlay\"><\/div>\n\t\t\t\t\t\t<div class=\"elementor-shape elementor-shape-bottom\" aria-hidden=\"true\" data-negative=\"false\">\n\t\t\t<svg xmlns=\"http:\/\/www.w3.org\/2000\/svg\" viewbox=\"0 0 1000 100\" preserveaspectratio=\"none\">\n\t<path class=\"elementor-shape-fill\" d=\"M0,6V0h1000v100L0,6z\"\/>\n<\/svg>\t\t<\/div>\n\t\t\t\t\t<div class=\"elementor-container elementor-column-gap-default\">\n\t\t\t\t\t<div class=\"elementor-column elementor-col-100 elementor-top-column elementor-element elementor-element-405015e\" data-id=\"405015e\" data-element_type=\"column\" data-e-type=\"column\">\n\t\t\t<div class=\"elementor-widget-wrap elementor-element-populated\">\n\t\t\t\t\t\t<section class=\"elementor-section elementor-inner-section elementor-element elementor-element-8c21c3c elementor-section-boxed elementor-section-height-default elementor-section-height-default\" data-id=\"8c21c3c\" data-element_type=\"section\" data-e-type=\"section\">\n\t\t\t\t\t\t<div class=\"elementor-container elementor-column-gap-default\">\n\t\t\t\t\t<div class=\"elementor-column elementor-col-100 elementor-inner-column elementor-element elementor-element-b23014f\" data-id=\"b23014f\" data-element_type=\"column\" data-e-type=\"column\">\n\t\t\t<div class=\"elementor-widget-wrap elementor-element-populated\">\n\t\t\t\t\t\t<div class=\"elementor-element elementor-element-5b99a4c elementor-widget elementor-widget-heading\" data-id=\"5b99a4c\" data-element_type=\"widget\" data-e-type=\"widget\" data-widget_type=\"heading.default\">\n\t\t\t\t<div class=\"elementor-widget-container\">\n\t\t\t\t\t<h2 class=\"elementor-heading-title elementor-size-default\">Polityka prywatno\u015bci<\/h2>\t\t\t\t<\/div>\n\t\t\t\t<\/div>\n\t\t\t\t\t<\/div>\n\t\t<\/div>\n\t\t\t\t\t<\/div>\n\t\t<\/section>\n\t\t\t\t\t<\/div>\n\t\t<\/div>\n\t\t\t\t\t<\/div>\n\t\t<\/section>\n\t\t<div class=\"elementor-element elementor-element-45b5b06 e-flex e-con-boxed e-con e-parent\" data-id=\"45b5b06\" data-element_type=\"container\" data-e-type=\"container\">\n\t\t\t\t\t<div class=\"e-con-inner\">\n\t\t\t\t<div class=\"elementor-element elementor-element-b49e31a elementor-widget elementor-widget-text-editor\" data-id=\"b49e31a\" data-element_type=\"widget\" data-e-type=\"widget\" data-widget_type=\"text-editor.default\">\n\t\t\t\t<div class=\"elementor-widget-container\">\n\t\t\t\t\t\t\t\t\t<p>W linkbuildingpoland.pl, dost\u0119pnym pod adresem linkbuildingpoland.pl, jednym z naszych g\u0142\u00f3wnych priorytet\u00f3w jest prywatno\u015b\u0107 odwiedzaj\u0105cych. Niniejszy dokument Polityki prywatno\u015bci zawiera rodzaje informacji, kt\u00f3re s\u0105 gromadzone i rejestrowane przez linkbuildingpoland.pl oraz spos\u00f3b, w jaki je wykorzystujemy.<\/p><p>Je\u015bli masz dodatkowe pytania lub potrzebujesz wi\u0119cej informacji na temat naszej Polityki prywatno\u015bci, nie wahaj si\u0119 z nami skontaktowa\u0107.<\/p><p>Niniejsza Polityka prywatno\u015bci ma zastosowanie wy\u0142\u0105cznie do naszych dzia\u0142a\u0144 online i jest wa\u017cna dla odwiedzaj\u0105cych nasz\u0105 stron\u0119 internetow\u0105 w odniesieniu do informacji, kt\u00f3re udost\u0119pnili i \/ lub gromadz\u0105 w linkbuildingpoland.pl. Niniejsza polityka nie ma zastosowania do \u017cadnych informacji gromadzonych offline lub za po\u015brednictwem kana\u0142\u00f3w innych ni\u017c ta strona internetowa. Nasza Polityka Prywatno\u015bci zosta\u0142a stworzona przy pomocy darmowego Generatora Polityki Prywatno\u015bci.<\/p><h4>Zgoda<\/h4><p>Korzystaj\u0105c z naszej strony internetowej, u\u017cytkownik niniejszym wyra\u017ca zgod\u0119 na nasz\u0105 Polityk\u0119 prywatno\u015bci i akceptuje jej warunki.<\/p><h4>Gromadzone przez nas informacje<\/h4><p>Dane osobowe, o kt\u00f3rych podanie u\u017cytkownik jest proszony, oraz powody, dla kt\u00f3rych u\u017cytkownik jest proszony o ich podanie, zostan\u0105 mu wyja\u015bnione w momencie, gdy poprosimy go o podanie danych osobowych.<\/p><p>Je\u015bli u\u017cytkownik skontaktuje si\u0119 z nami bezpo\u015brednio, mo\u017cemy otrzyma\u0107 dodatkowe informacje o u\u017cytkowniku, takie jak imi\u0119 i nazwisko, adres e-mail, numer telefonu, tre\u015b\u0107 wiadomo\u015bci i\/lub za\u0142\u0105cznik\u00f3w, kt\u00f3re u\u017cytkownik mo\u017ce nam przes\u0142a\u0107, oraz wszelkie inne informacje, kt\u00f3re u\u017cytkownik zdecyduje si\u0119 poda\u0107.<\/p><p>Podczas rejestracji Konta mo\u017cemy poprosi\u0107 o podanie danych kontaktowych, w tym imienia i nazwiska, nazwy firmy, adresu, adresu e-mail i numeru telefonu.<\/p><h4>Jak wykorzystujemy informacje o u\u017cytkowniku<\/h4><p>Gromadzone przez nas informacje wykorzystujemy na r\u00f3\u017cne sposoby, w tym do:<\/p><ul><li>Zapewnienie, obs\u0142uga i utrzymanie naszej strony internetowej<\/li><li>Ulepszanie, personalizowanie i rozszerzanie naszej strony internetowej<\/li><li>Zrozumie\u0107 i przeanalizowa\u0107 spos\u00f3b, w jaki u\u017cytkownik korzysta z naszej strony internetowej<\/li><li>Opracowywanie nowych produkt\u00f3w, us\u0142ug, funkcji i funkcjonalno\u015bci<\/li><li>Komunikowanie si\u0119 z u\u017cytkownikiem, bezpo\u015brednio lub za po\u015brednictwem jednego z naszych partner\u00f3w, w tym w celu obs\u0142ugi klienta, dostarczania aktualizacji i innych informacji zwi\u0105zanych ze stron\u0105 internetow\u0105 oraz w celach marketingowych i promocyjnych.<\/li><li>Wysy\u0142anie wiadomo\u015bci e-mail<\/li><li>Znajdowanie i zapobieganie oszustwom<\/li><\/ul><h4>Pliki dziennika<\/h4><p>linkbuildingpoland.pl stosuje standardow\u0105 procedur\u0119 korzystania z plik\u00f3w dziennika. Pliki te rejestruj\u0105 odwiedzaj\u0105cych, gdy odwiedzaj\u0105 strony internetowe. Robi\u0105 to wszystkie firmy hostingowe i jest to cz\u0119\u015b\u0107 analityki us\u0142ug hostingowych. Informacje gromadzone przez pliki dziennika obejmuj\u0105 adresy protoko\u0142u internetowego (IP), typ przegl\u0105darki, dostawc\u0119 us\u0142ug internetowych (ISP), dat\u0119 i znacznik czasu, kt\u00f3re mo\u017cna zidentyfikowa\u0107. Celem tych informacji jest analiza trend\u00f3w, administrowanie stron\u0105, \u015bledzenie ruchu u\u017cytkownik\u00f3w na stronie oraz zbieranie informacji demograficznych.<\/p><h4>Pliki cookie i sygna\u0142y nawigacyjne w sieci Web<\/h4><p>Jak ka\u017cda inna strona internetowa, linkbuildingpoland.pl u\u017cywa \"cookies\". Te pliki cookie s\u0142u\u017c\u0105 do przechowywania informacji, w tym preferencji odwiedzaj\u0105cych oraz stron w witrynie, do kt\u00f3rych odwiedzaj\u0105cy uzyska\u0142 dost\u0119p lub kt\u00f3re odwiedzi\u0142. Informacje te s\u0105 wykorzystywane do optymalizacji do\u015bwiadcze\u0144 u\u017cytkownik\u00f3w poprzez dostosowywanie zawarto\u015bci naszej strony internetowej w oparciu o typ przegl\u0105darki odwiedzaj\u0105cego i\/lub inne informacje.<\/p><p>Wi\u0119cej og\u00f3lnych informacji na temat plik\u00f3w cookie mo\u017cna znale\u017a\u0107 w sekcji \"Czym s\u0105 pliki cookie\" w dokumencie \"Cookie Consent\".<\/p><h4>Polityka prywatno\u015bci partner\u00f3w reklamowych<\/h4><p>Mo\u017cesz zapozna\u0107 si\u0119 z t\u0105 list\u0105, aby znale\u017a\u0107 Polityk\u0119 prywatno\u015bci dla ka\u017cdego z partner\u00f3w reklamowych linkbuildingpoland.pl.<\/p><p>Zewn\u0119trzne serwery reklamowe lub sieci reklamowe wykorzystuj\u0105 technologie, takie jak pliki cookie, JavaScript lub sygna\u0142y nawigacyjne w sieci Web, kt\u00f3re s\u0105 u\u017cywane w odpowiednich reklamach i linkach wy\u015bwietlanych na linkbuildingpoland.pl, kt\u00f3re s\u0105 wysy\u0142ane bezpo\u015brednio do przegl\u0105darki u\u017cytkownika. W takim przypadku automatycznie otrzymuj\u0105 adres IP u\u017cytkownika. Technologie te s\u0105 wykorzystywane do pomiaru skuteczno\u015bci kampanii reklamowych i\/lub personalizacji tre\u015bci reklamowych wy\u015bwietlanych na odwiedzanych stronach internetowych.<\/p><p>Nale\u017cy pami\u0119ta\u0107, \u017ce linkbuildingpoland.pl nie ma dost\u0119pu ani kontroli nad tymi plikami cookie, kt\u00f3re s\u0105 u\u017cywane przez zewn\u0119trznych reklamodawc\u00f3w.<\/p><h4>Polityka prywatno\u015bci stron trzecich<\/h4><p>Polityka prywatno\u015bci linkbuildingpoland.pl nie ma zastosowania do innych reklamodawc\u00f3w lub stron internetowych. W zwi\u0105zku z tym zalecamy zapoznanie si\u0119 z odpowiednimi Politykami prywatno\u015bci tych zewn\u0119trznych serwer\u00f3w reklamowych w celu uzyskania bardziej szczeg\u00f3\u0142owych informacji. Mo\u017ce to obejmowa\u0107 ich praktyki i instrukcje dotycz\u0105ce rezygnacji z niekt\u00f3rych opcji.<\/p><p>U\u017cytkownik mo\u017ce wy\u0142\u0105czy\u0107 pliki cookie w opcjach swojej przegl\u0105darki. Bardziej szczeg\u00f3\u0142owe informacje na temat zarz\u0105dzania plikami cookie w poszczeg\u00f3lnych przegl\u0105darkach internetowych mo\u017cna znale\u017a\u0107 na ich stronach internetowych.<\/p><h4>Prawa do prywatno\u015bci CCPA (Nie sprzedawaj moich danych osobowych)<\/h4><p>Zgodnie z CCPA, opr\u00f3cz innych praw, konsumenci w Kalifornii maj\u0105 prawo do:<\/p><p>\u017b\u0105danie, aby firma, kt\u00f3ra gromadzi dane osobowe konsumenta, ujawni\u0142a kategorie i konkretne dane osobowe, kt\u00f3re firma zgromadzi\u0142a na temat konsument\u00f3w.<\/p><p>\u017b\u0105danie od firmy usuni\u0119cia wszelkich danych osobowych konsumenta, kt\u00f3re firma zgromadzi\u0142a.<\/p><p>\u017b\u0105danie, aby firma, kt\u00f3ra sprzedaje dane osobowe konsumenta, nie sprzedawa\u0142a danych osobowych konsumenta.<\/p><p>W przypadku z\u0142o\u017cenia wniosku mamy miesi\u0105c na udzielenie odpowiedzi. Je\u015bli chcesz skorzysta\u0107 z kt\u00f3regokolwiek z tych praw, skontaktuj si\u0119 z nami.<\/p><h4>Prawa do ochrony danych wynikaj\u0105ce z RODO<\/h4><p>Chcieliby\u015bmy upewni\u0107 si\u0119, \u017ce jeste\u015b w pe\u0142ni \u015bwiadomy wszystkich swoich praw do ochrony danych. Ka\u017cdy u\u017cytkownik ma prawo do nast\u0119puj\u0105cych praw:<\/p><p>Prawo dost\u0119pu \"U\u017cytkownik ma prawo za\u017c\u0105da\u0107 kopii swoich danych osobowych. Za t\u0119 us\u0142ug\u0119 mo\u017cemy pobra\u0107 niewielk\u0105 op\u0142at\u0119\".<\/p><p>Prawo do sprostowania \"U\u017cytkownik ma prawo za\u017c\u0105da\u0107 od nas poprawienia wszelkich niekompletnych danych\".<\/p><p>Prawo do usuni\u0119cia danych \"U\u017cytkownik ma prawo za\u017c\u0105da\u0107 usuni\u0119cia swoich danych osobowych, pod pewnymi warunkami\".<\/p><p>Prawo do ograniczenia przetwarzania \"U\u017cytkownik ma prawo za\u017c\u0105da\u0107 od nas ograniczenia przetwarzania jego danych osobowych pod pewnymi warunkami\".<\/p><p>Prawo do sprzeciwu wobec przetwarzania \"U\u017cytkownik ma prawo sprzeciwi\u0107 si\u0119 przetwarzaniu przez nas jego danych osobowych, pod pewnymi warunkami\".<\/p><p>Prawo do przenoszenia danych \"U\u017cytkownik ma prawo za\u017c\u0105da\u0107, aby\u015bmy przekazali zebrane przez nas dane innej organizacji lub bezpo\u015brednio u\u017cytkownikowi, pod pewnymi warunkami\".<\/p><p>W przypadku z\u0142o\u017cenia wniosku mamy miesi\u0105c na udzielenie odpowiedzi. Je\u015bli chcesz skorzysta\u0107 z kt\u00f3regokolwiek z tych praw, skontaktuj si\u0119 z nami.<\/p><h4>Informacje dla dzieci<\/h4><p>Kolejn\u0105 cz\u0119\u015bci\u0105 naszego priorytetu jest zapewnienie ochrony dzieciom podczas korzystania z Internetu. Zach\u0119camy rodzic\u00f3w i opiekun\u00f3w do obserwowania, uczestniczenia i\/lub monitorowania i kierowania ich aktywno\u015bci\u0105 online.<\/p><p>linkbuildingpoland.pl nie gromadzi \u015bwiadomie \u017cadnych Informacji umo\u017cliwiaj\u0105cych identyfikacj\u0119 u\u017cytkownika. Zach\u0119camy do natychmiastowego skontaktowania si\u0119 z nami, a do\u0142o\u017cymy wszelkich stara\u0144, aby niezw\u0142ocznie usun\u0105\u0107 takie informacje z naszych rejestr\u00f3w.<\/p>\t\t\t\t\t\t\t\t<\/div>\n\t\t\t\t<\/div>\n\t\t\t\t\t<\/div>\n\t\t\t\t<\/div>\n\t\t\t\t<\/div>","protected":false},"excerpt":{"rendered":"<p>Polityka prywatno\u015bci W linkbuildingpoland.pl, dost\u0119pnym pod adresem linkbuildingpoland.pl, jednym z naszych g\u0142\u00f3wnych priorytet\u00f3w jest prywatno\u015b\u0107 odwiedzaj\u0105cych. Niniejszy dokument Polityki Prywatno\u015bci zawiera rodzaje informacji, kt\u00f3re s\u0105 gromadzone i rejestrowane przez linkbuildingpoland.pl oraz w jaki spos\u00f3b...<\/p>","protected":false},"author":1,"featured_media":0,"parent":0,"menu_order":0,"comment_status":"closed","ping_status":"closed","template":"template-parts\/template-page-builders.php","meta":{"footnotes":""},"class_list":["post-1952","page","type-page","status-publish","hentry"],"_links":{"self":[{"href":"https:\/\/linkbuildingpoland.pl\/pl\/wp-json\/wp\/v2\/pages\/1952","targetHints":{"allow":["GET"]}}],"collection":[{"href":"https:\/\/linkbuildingpoland.pl\/pl\/wp-json\/wp\/v2\/pages"}],"about":[{"href":"https:\/\/linkbuildingpoland.pl\/pl\/wp-json\/wp\/v2\/types\/page"}],"author":[{"embeddable":true,"href":"https:\/\/linkbuildingpoland.pl\/pl\/wp-json\/wp\/v2\/users\/1"}],"replies":[{"embeddable":true,"href":"https:\/\/linkbuildingpoland.pl\/pl\/wp-json\/wp\/v2\/comments?post=1952"}],"version-history":[{"count":7,"href":"https:\/\/linkbuildingpoland.pl\/pl\/wp-json\/wp\/v2\/pages\/1952\/revisions"}],"predecessor-version":[{"id":1959,"href":"https:\/\/linkbuildingpoland.pl\/pl\/wp-json\/wp\/v2\/pages\/1952\/revisions\/1959"}],"wp:attachment":[{"href":"https:\/\/linkbuildingpoland.pl\/pl\/wp-json\/wp\/v2\/media?parent=1952"}],"curies":[{"name":"wp","href":"https:\/\/api.w.org\/{rel}","templated":true}]}}