{"id":1966,"date":"2025-06-01T06:32:52","date_gmt":"2025-06-01T06:32:52","guid":{"rendered":"https:\/\/linkbuildingpoland.pl\/?page_id=1966"},"modified":"2025-06-13T11:23:52","modified_gmt":"2025-06-13T11:23:52","slug":"zasady-i-warunki","status":"publish","type":"page","link":"https:\/\/linkbuildingpoland.pl\/pl\/zasady-i-warunki\/","title":{"rendered":"Zasady i warunki"},"content":{"rendered":"<div data-elementor-type=\"wp-post\" data-elementor-id=\"1966\" class=\"elementor elementor-1966\">\n\t\t\t\t\t\t<section class=\"elementor-section elementor-top-section elementor-element elementor-element-2eccec9 elementor-section-full_width elementor-section-height-default elementor-section-height-default\" data-id=\"2eccec9\" data-element_type=\"section\" data-e-type=\"section\" data-settings=\"{&quot;background_background&quot;:&quot;classic&quot;,&quot;shape_divider_bottom&quot;:&quot;tilt&quot;}\">\n\t\t\t\t\t\t\t<div class=\"elementor-background-overlay\"><\/div>\n\t\t\t\t\t\t<div class=\"elementor-shape elementor-shape-bottom\" aria-hidden=\"true\" data-negative=\"false\">\n\t\t\t<svg xmlns=\"http:\/\/www.w3.org\/2000\/svg\" viewbox=\"0 0 1000 100\" preserveaspectratio=\"none\">\n\t<path class=\"elementor-shape-fill\" d=\"M0,6V0h1000v100L0,6z\"\/>\n<\/svg>\t\t<\/div>\n\t\t\t\t\t<div class=\"elementor-container elementor-column-gap-default\">\n\t\t\t\t\t<div class=\"elementor-column elementor-col-100 elementor-top-column elementor-element elementor-element-405015e\" data-id=\"405015e\" data-element_type=\"column\" data-e-type=\"column\">\n\t\t\t<div class=\"elementor-widget-wrap elementor-element-populated\">\n\t\t\t\t\t\t<section class=\"elementor-section elementor-inner-section elementor-element elementor-element-8c21c3c elementor-section-boxed elementor-section-height-default elementor-section-height-default\" data-id=\"8c21c3c\" data-element_type=\"section\" data-e-type=\"section\">\n\t\t\t\t\t\t<div class=\"elementor-container elementor-column-gap-default\">\n\t\t\t\t\t<div class=\"elementor-column elementor-col-100 elementor-inner-column elementor-element elementor-element-b23014f\" data-id=\"b23014f\" data-element_type=\"column\" data-e-type=\"column\">\n\t\t\t<div class=\"elementor-widget-wrap elementor-element-populated\">\n\t\t\t\t\t\t<div class=\"elementor-element elementor-element-5b99a4c elementor-widget elementor-widget-heading\" data-id=\"5b99a4c\" data-element_type=\"widget\" data-e-type=\"widget\" data-widget_type=\"heading.default\">\n\t\t\t\t<div class=\"elementor-widget-container\">\n\t\t\t\t\t<h2 class=\"elementor-heading-title elementor-size-default\">Zasady i warunki<\/h2>\t\t\t\t<\/div>\n\t\t\t\t<\/div>\n\t\t\t\t\t<\/div>\n\t\t<\/div>\n\t\t\t\t\t<\/div>\n\t\t<\/section>\n\t\t\t\t\t<\/div>\n\t\t<\/div>\n\t\t\t\t\t<\/div>\n\t\t<\/section>\n\t\t<div class=\"elementor-element elementor-element-cf89f32 e-flex e-con-boxed e-con e-parent\" data-id=\"cf89f32\" data-element_type=\"container\" data-e-type=\"container\">\n\t\t\t\t\t<div class=\"e-con-inner\">\n\t\t\t\t<div class=\"elementor-element elementor-element-ad4281e elementor-widget elementor-widget-text-editor\" data-id=\"ad4281e\" data-element_type=\"widget\" data-e-type=\"widget\" data-widget_type=\"text-editor.default\">\n\t\t\t\t<div class=\"elementor-widget-container\">\n\t\t\t\t\t\t\t\t\t<h2 data-start=\"223\" data-end=\"246\">Zasady i warunki<\/h2>\n<p data-start=\"248\" data-end=\"280\"><strong data-start=\"248\" data-end=\"267\">Data wej\u015bcia w \u017cycie:<\/strong> [01.06.2025]<\/p>\n<p data-start=\"282\" data-end=\"445\">Witamy w <strong data-start=\"293\" data-end=\"318\">linkbuildingpoland.pl<\/strong>. Niniejszy Regulamin okre\u015bla zasady i przepisy dotycz\u0105ce korzystania z naszej strony internetowej, znajduj\u0105cej si\u0119 pod adresem <a class=\"\" href=\"https:\/\/linkbuildingpoland.pl\/pl\/\" target=\"_new\" rel=\"noopener\" data-start=\"415\" data-end=\"444\">https:\/\/linkbuildingpoland.pl<\/a>.<\/p>\n<p data-start=\"447\" data-end=\"636\">Uzyskuj\u0105c dost\u0119p do tej witryny, zak\u0142adamy, \u017ce akceptujesz niniejsze Warunki w ca\u0142o\u015bci. Nie kontynuuj korzystania z linkbuildingpoland.pl, je\u015bli nie zgadzasz si\u0119 na wszystkie warunki okre\u015blone na tej stronie.<\/p>\n<hr data-start=\"638\" data-end=\"641\" \/>\n<h3 data-start=\"643\" data-end=\"665\">1. Korzystanie z Witryny<\/h3>\n<p data-start=\"667\" data-end=\"1004\">U\u017cytkownik zgadza si\u0119 korzysta\u0107 z tej witryny wy\u0142\u0105cznie w celach zgodnych z prawem i w spos\u00f3b, kt\u00f3ry nie narusza praw, nie ogranicza ani nie utrudnia innym osobom korzystania z witryny i czerpania z niej przyjemno\u015bci. Zabronione zachowania obejmuj\u0105 n\u0119kanie lub sprawianie przykro\u015bci innym u\u017cytkownikom, przesy\u0142anie obscenicznych lub obra\u017aliwych tre\u015bci lub zak\u0142\u00f3canie normalnego przebiegu dialogu.<\/p>\n<hr data-start=\"1006\" data-end=\"1009\" \/>\n<h3 data-start=\"1011\" data-end=\"1039\">2. W\u0142asno\u015b\u0107 intelektualna<\/h3>\n<p data-start=\"1041\" data-end=\"1354\">Ca\u0142a zawarto\u015b\u0107 tej witryny, w tym tekst, grafika, logo, obrazy i oprogramowanie, jest w\u0142asno\u015bci\u0105 linkbuildingpoland.pl lub jej licencjodawc\u00f3w i jest chroniona prawem autorskim i prawem w\u0142asno\u015bci intelektualnej w Polsce i na \u015bwiecie. Nie wolno ponownie wykorzystywa\u0107, publikowa\u0107 ani powiela\u0107 tre\u015bci bez wyra\u017anej zgody.<\/p>\n<hr data-start=\"1356\" data-end=\"1359\" \/>\n<h3 data-start=\"1361\" data-end=\"1376\">3. Us\u0142ugi<\/h3>\n<p data-start=\"1378\" data-end=\"1605\">linkbuildingpoland.pl oferuje us\u0142ugi marketingu cyfrowego, w tym mi\u0119dzy innymi link building, guest posting i doradztwo SEO. Wszystkie us\u0142ugi s\u0105 dost\u0119pne w zale\u017cno\u015bci od dost\u0119pno\u015bci i mog\u0105 zosta\u0107 zmienione lub wycofane bez powiadomienia.<\/p>\n<hr data-start=\"1607\" data-end=\"1610\" \/>\n<h3 data-start=\"1612\" data-end=\"1632\">4. Konta u\u017cytkownik\u00f3w<\/h3>\n<p data-start=\"1634\" data-end=\"1833\">Je\u015bli u\u017cytkownik utworzy konto na naszej stronie internetowej, jest odpowiedzialny za zachowanie poufno\u015bci swojego konta i has\u0142a. Zastrzegamy sobie prawo do wy\u0142\u0105czenia dowolnego konta u\u017cytkownika wed\u0142ug w\u0142asnego uznania.<\/p>\n<hr data-start=\"1835\" data-end=\"1838\" \/>\n<h3 data-start=\"1840\" data-end=\"1855\">5. P\u0142atno\u015bci<\/h3>\n<p data-start=\"1857\" data-end=\"2064\">Wszystkie p\u0142atno\u015bci za us\u0142ugi podlegaj\u0105 indywidualnym umowom i b\u0119d\u0105 fakturowane zgodnie z okre\u015blonymi cenami. Warunki p\u0142atno\u015bci i akceptowane metody zostan\u0105 okre\u015blone w oddzielnej umowie o \u015bwiadczenie us\u0142ug lub wycenie.<\/p>\n<hr data-start=\"2066\" data-end=\"2069\" \/>\n<h3 data-start=\"2071\" data-end=\"2101\">6. Ograniczenie odpowiedzialno\u015bci<\/h3>\n<p data-start=\"2103\" data-end=\"2321\">W maksymalnym zakresie dozwolonym przez prawo, linkbuildingpoland.pl nie ponosi odpowiedzialno\u015bci za jakiekolwiek po\u015brednie, przypadkowe, wt\u00f3rne lub karne szkody wynikaj\u0105ce z korzystania lub niemo\u017cno\u015bci korzystania z tej strony lub jej us\u0142ug.<\/p>\n<hr data-start=\"2323\" data-end=\"2326\" \/>\n<h3 data-start=\"2328\" data-end=\"2352\">7. Linki stron trzecich<\/h3>\n<p data-start=\"2354\" data-end=\"2558\">Niniejsza witryna internetowa mo\u017ce zawiera\u0107 \u0142\u0105cza do zewn\u0119trznych witryn internetowych, kt\u00f3re nie s\u0105 przez nas udost\u0119pniane ani obs\u0142ugiwane. Nie gwarantujemy dok\u0142adno\u015bci, trafno\u015bci ani wiarygodno\u015bci jakichkolwiek zewn\u0119trznych witryn internetowych, do kt\u00f3rych \u0142\u0105cza znajduj\u0105 si\u0119 w naszej witrynie.<\/p>\n<hr data-start=\"2560\" data-end=\"2563\" \/>\n<h3 data-start=\"2565\" data-end=\"2579\">8. Prywatno\u015b\u0107<\/h3>\n<p data-start=\"2581\" data-end=\"2760\">Korzystanie z naszej strony internetowej podlega r\u00f3wnie\u017c naszym <a class=\"cursor-pointer\" target=\"_new\" rel=\"noopener\" data-start=\"2629\" data-end=\"2691\">Polityka prywatno\u015bci<\/a>kt\u00f3ry okre\u015bla, w jaki spos\u00f3b gromadzimy, wykorzystujemy i chronimy dane osobowe u\u017cytkownik\u00f3w.<\/p>\n<hr data-start=\"2762\" data-end=\"2765\" \/>\n<h3 data-start=\"2767\" data-end=\"2790\">9. Zmiany warunk\u00f3w<\/h3>\n<p data-start=\"2792\" data-end=\"3001\">Zastrzegamy sobie prawo do zmiany lub zast\u0105pienia niniejszego Regulaminu w dowolnym momencie. Zmiany wchodz\u0105 w \u017cycie z chwil\u0105 ich opublikowania na tej stronie. Dalsze korzystanie z witryny oznacza akceptacj\u0119 tych zmian.<\/p>\n<hr data-start=\"3003\" data-end=\"3006\" \/>\n<h3 data-start=\"3008\" data-end=\"3029\">10. Prawo w\u0142a\u015bciwe<\/h3>\n<p data-start=\"3031\" data-end=\"3266\">Niniejsze Warunki podlegaj\u0105 i s\u0105 interpretowane zgodnie z prawem <strong data-start=\"3119\" data-end=\"3129\">Polska<\/strong>. Wszelkie spory wynikaj\u0105ce lub zwi\u0105zane z korzystaniem z niniejszej strony internetowej b\u0119d\u0105 podlega\u0107 wy\u0142\u0105cznej jurysdykcji s\u0105d\u00f3w polskich.<\/p>\t\t\t\t\t\t\t\t<\/div>\n\t\t\t\t<\/div>\n\t\t\t\t\t<\/div>\n\t\t\t\t<\/div>\n\t\t\t\t<\/div>","protected":false},"excerpt":{"rendered":"<p>Regulamin Data wej\u015bcia w \u017cycie: [01.06.2025] Witamy na stronie linkbuildingpoland.pl. Niniejszy Regulamin okre\u015bla zasady i przepisy dotycz\u0105ce korzystania z naszej strony internetowej, znajduj\u0105cej si\u0119 pod adresem https:\/\/linkbuildingpoland.pl. Uzyskuj\u0105c dost\u0119p do tej witryny, zak\u0142adamy, \u017ce...<\/p>","protected":false},"author":1,"featured_media":0,"parent":0,"menu_order":0,"comment_status":"closed","ping_status":"closed","template":"template-parts\/template-page-builders.php","meta":{"footnotes":""},"class_list":["post-1966","page","type-page","status-publish","hentry"],"_links":{"self":[{"href":"https:\/\/linkbuildingpoland.pl\/pl\/wp-json\/wp\/v2\/pages\/1966","targetHints":{"allow":["GET"]}}],"collection":[{"href":"https:\/\/linkbuildingpoland.pl\/pl\/wp-json\/wp\/v2\/pages"}],"about":[{"href":"https:\/\/linkbuildingpoland.pl\/pl\/wp-json\/wp\/v2\/types\/page"}],"author":[{"embeddable":true,"href":"https:\/\/linkbuildingpoland.pl\/pl\/wp-json\/wp\/v2\/users\/1"}],"replies":[{"embeddable":true,"href":"https:\/\/linkbuildingpoland.pl\/pl\/wp-json\/wp\/v2\/comments?post=1966"}],"version-history":[{"count":4,"href":"https:\/\/linkbuildingpoland.pl\/pl\/wp-json\/wp\/v2\/pages\/1966\/revisions"}],"predecessor-version":[{"id":1970,"href":"https:\/\/linkbuildingpoland.pl\/pl\/wp-json\/wp\/v2\/pages\/1966\/revisions\/1970"}],"wp:attachment":[{"href":"https:\/\/linkbuildingpoland.pl\/pl\/wp-json\/wp\/v2\/media?parent=1966"}],"curies":[{"name":"wp","href":"https:\/\/api.w.org\/{rel}","templated":true}]}}